{"id":4319,"date":"2022-03-07T12:35:05","date_gmt":"2022-03-07T12:35:05","guid":{"rendered":"https:\/\/bisbatdemallorca.aplicacionesinteligentes.es\/?page_id=4319"},"modified":"2026-04-21T12:02:06","modified_gmt":"2026-04-21T10:02:06","slug":"curia-diocesana","status":"publish","type":"page","link":"https:\/\/www.bisbatdemallorca.org\/ca\/curia-diocesana\/","title":{"rendered":"C\u00faria Diocesana"},"content":{"rendered":"<div class=\"fusion-fullwidth fullwidth-box fusion-builder-row-1 fusion-flex-container nonhundred-percent-fullwidth non-hundred-percent-height-scrolling\" style=\"--awb-border-radius-top-left:0px;--awb-border-radius-top-right:0px;--awb-border-radius-bottom-right:0px;--awb-border-radius-bottom-left:0px;--awb-flex-wrap:wrap;\" ><div class=\"fusion-builder-row fusion-row fusion-flex-align-items-flex-start fusion-flex-content-wrap\" style=\"max-width:1248px;margin-left: calc(-4% \/ 2 );margin-right: calc(-4% \/ 2 );\"><div class=\"fusion-layout-column fusion_builder_column fusion-builder-column-0 fusion_builder_column_1_1 1_1 fusion-flex-column\" style=\"--awb-bg-size:cover;--awb-width-large:100%;--awb-margin-top-large:0px;--awb-spacing-right-large:1.92%;--awb-margin-bottom-large:0px;--awb-spacing-left-large:1.92%;--awb-width-medium:100%;--awb-spacing-right-medium:1.92%;--awb-spacing-left-medium:1.92%;--awb-width-small:100%;--awb-spacing-right-small:1.92%;--awb-spacing-left-small:1.92%;\"><div class=\"fusion-column-wrapper fusion-flex-justify-content-flex-start fusion-content-layout-column\"><div class=\"fusion-text fusion-text-1\" style=\"--awb-text-transform:none;\"><div class=\"bisbat-headers\">\n<h4>C\u00faria Diocesana<\/h4>\n<\/div>\n<\/div><div class=\"fusion-text fusion-text-2\" style=\"--awb-text-transform:none;\"><p>La C\u00faria Diocesana consta d&#8217;aquells organismes i persones que ajuden al Bisbe en el govern de tota la Di\u00f2cesi principalment en la direcci\u00f3 de l&#8217;activitat pastoral, en l&#8217;administraci\u00f3 de la Di\u00f2cesi, aix\u00ed com en l&#8217;exercici de la potestat judicial (c.469). Conforme a aquesta definici\u00f3, la C\u00faria diocesana est\u00e0 dividida en tres grans seccions. C\u00faria Administrativa, C\u00faria Pastoral i C\u00faria de Just\u00edcia<\/p>\n<\/div><div class=\"accordian fusion-accordian\" style=\"--awb-border-size:1px;--awb-icon-size:16px;--awb-content-font-size:var(--awb-typography4-font-size);--awb-icon-alignment:left;--awb-hover-color:var(--awb-color2);--awb-border-color:var(--awb-color3);--awb-background-color:var(--awb-color1);--awb-divider-color:var(--awb-color3);--awb-divider-hover-color:var(--awb-color3);--awb-icon-color:var(--awb-color1);--awb-title-color:#a6384c;--awb-content-color:#000000;--awb-icon-box-color:#a6384c;--awb-toggle-hover-accent-color:#a6384c;--awb-title-font-family:var(--awb-typography1-font-family);--awb-title-font-weight:var(--awb-typography1-font-weight);--awb-title-font-style:var(--awb-typography1-font-style);--awb-title-font-size:var(--awb-typography1-font-size);--awb-content-font-family:var(--awb-typography4-font-family);--awb-content-font-weight:var(--awb-typography4-font-weight);--awb-content-font-style:var(--awb-typography4-font-style);\"><div class=\"panel-group fusion-toggle-icon-boxed\" id=\"accordion-4319-1\"><div class=\"fusion-panel panel-default panel-ab471a012a1ad530e fusion-toggle-has-divider\" style=\"--awb-content-font-size:14px;--awb-title-font-size:20px;--awb-title-color:#a6384c;--awb-content-color:var(--awb-color8);\"><div class=\"panel-heading\"><h4 class=\"panel-title toggle\" id=\"toggle_ab471a012a1ad530e\"><a class=\"active\" aria-expanded=\"true\" aria-controls=\"ab471a012a1ad530e\" role=\"button\" data-toggle=\"collapse\" data-parent=\"#accordion-4319-1\" data-target=\"#ab471a012a1ad530e\" href=\"#ab471a012a1ad530e\"><span class=\"fusion-toggle-icon-wrapper\" aria-hidden=\"true\"><i class=\"fa-fusion-box active-icon awb-icon-minus\" aria-hidden=\"true\"><\/i><i class=\"fa-fusion-box inactive-icon awb-icon-plus\" aria-hidden=\"true\"><\/i><\/span><span class=\"fusion-toggle-heading\">Palau Episcopal<\/span><\/a><\/h4><\/div><div id=\"ab471a012a1ad530e\" class=\"panel-collapse collapse in\" aria-labelledby=\"toggle_ab471a012a1ad530e\"><div class=\"panel-body toggle-content fusion-clearfix\">\n<p><strong>Adre\u00e7a<\/strong>: C\/ Mirador, 5 &#8211; 07001 Palma<br \/>\n<strong>Tel\u00e8fon<\/strong>: 971714601<\/p>\n<p><strong>Bisbe<\/strong>: Mons. Sebasti\u00e0 Taltavull Anglada<br \/>\n<strong>Secretari<\/strong>: Sr. Miquel Jes\u00fas Rossell\u00f3 Janer<br \/>\n<strong>Correu<\/strong>: secretaridelbisbe@bisbatdemallorca.org<br \/>\n<strong>Web<\/strong>: https:\/\/www.bisbatdemallorca.org<\/p>\n<\/div><\/div><\/div><div class=\"fusion-panel panel-default panel-7abaf3cb249fd7521 fusion-toggle-has-divider\" style=\"--awb-content-font-size:14px;--awb-title-font-size:20px;--awb-title-color:#a6384c;--awb-content-color:var(--awb-color8);\"><div class=\"panel-heading\"><h4 class=\"panel-title toggle\" id=\"toggle_7abaf3cb249fd7521\"><a aria-expanded=\"false\" aria-controls=\"7abaf3cb249fd7521\" role=\"button\" data-toggle=\"collapse\" data-parent=\"#accordion-4319-1\" data-target=\"#7abaf3cb249fd7521\" href=\"#7abaf3cb249fd7521\"><span class=\"fusion-toggle-icon-wrapper\" aria-hidden=\"true\"><i class=\"fa-fusion-box active-icon awb-icon-minus\" aria-hidden=\"true\"><\/i><i class=\"fa-fusion-box inactive-icon awb-icon-plus\" aria-hidden=\"true\"><\/i><\/span><span class=\"fusion-toggle-heading\">Vicaria General<\/span><\/a><\/h4><\/div><div id=\"7abaf3cb249fd7521\" class=\"panel-collapse collapse \" aria-labelledby=\"toggle_7abaf3cb249fd7521\"><div class=\"panel-body toggle-content fusion-clearfix\">\n<p><strong>Adre\u00e7a<\/strong>: C\/ Seminari, 4 &#8211; 07001 Palma<br \/>\n<strong>Tel\u00e8fon<\/strong>: 971214370<\/p>\n<ul>\n<li><strong>Vicari General:<\/strong> Mons. Josep Adrover Vallbona &#8211; vicarigeneral@bisbatdemallorca.org<\/li>\n<li><strong>Secret\u00e0ria<\/strong>: Sra. C. Begonya Saig\u00ed Coll &#8211; secretariageneral@bisbatdemallorca.org<\/li>\n<li><strong>Adre\u00e7a de la Casa de l\u2019Esgl\u00e9sia<\/strong>: Sra. Joana Karmany Jaume &#8211; Casaesglesia@bisbatdemallorca.org<\/li>\n<li><strong>Oficina Causa dels Sants<\/strong>: Mn Gabriel Ramis Miquel<\/li>\n<\/ul>\n<p><strong>Delegaci\u00f3 per a la comunicaci\u00f3<\/strong><\/p>\n<ul>\n<li>Delegat: Fra Carlos Luis Fuentes G\u00f3mez, OFM<\/li>\n<li>Secretaria: Sra. Celia Rossell\u00f3 Jim\u00e9nez<\/li>\n<li>Sr. Francisco Javier Juli\u00e0 Terreros<\/li>\n<li>Sr. Joan Picornell Karmany<\/li>\n<\/ul>\n<\/div><\/div><\/div><div class=\"fusion-panel panel-default panel-b97efb6bd0cefdb61 fusion-toggle-has-divider\" style=\"--awb-content-font-size:14px;--awb-title-font-size:20px;--awb-title-color:#a6384c;--awb-content-color:var(--awb-color8);\"><div class=\"panel-heading\"><h4 class=\"panel-title toggle\" id=\"toggle_b97efb6bd0cefdb61\"><a aria-expanded=\"false\" aria-controls=\"b97efb6bd0cefdb61\" role=\"button\" data-toggle=\"collapse\" data-parent=\"#accordion-4319-1\" data-target=\"#b97efb6bd0cefdb61\" href=\"#b97efb6bd0cefdb61\"><span class=\"fusion-toggle-icon-wrapper\" aria-hidden=\"true\"><i class=\"fa-fusion-box active-icon awb-icon-minus\" aria-hidden=\"true\"><\/i><i class=\"fa-fusion-box inactive-icon awb-icon-plus\" aria-hidden=\"true\"><\/i><\/span><span class=\"fusion-toggle-heading\">Moderador de C\u00faria<\/span><\/a><\/h4><\/div><div id=\"b97efb6bd0cefdb61\" class=\"panel-collapse collapse \" aria-labelledby=\"toggle_b97efb6bd0cefdb61\"><div class=\"panel-body toggle-content fusion-clearfix\">\n<p>Mn. Francesc Vicens Gomila<\/p>\n<\/div><\/div><\/div><div class=\"fusion-panel panel-default panel-757a2a51a212c4d96 fusion-toggle-has-divider\" style=\"--awb-content-font-size:14px;--awb-title-font-size:20px;--awb-title-color:#a6384c;--awb-content-color:var(--awb-color8);\"><div class=\"panel-heading\"><h4 class=\"panel-title toggle\" id=\"toggle_757a2a51a212c4d96\"><a aria-expanded=\"false\" aria-controls=\"757a2a51a212c4d96\" role=\"button\" data-toggle=\"collapse\" data-parent=\"#accordion-4319-1\" data-target=\"#757a2a51a212c4d96\" href=\"#757a2a51a212c4d96\"><span class=\"fusion-toggle-icon-wrapper\" aria-hidden=\"true\"><i class=\"fa-fusion-box active-icon awb-icon-minus\" aria-hidden=\"true\"><\/i><i class=\"fa-fusion-box inactive-icon awb-icon-plus\" aria-hidden=\"true\"><\/i><\/span><span class=\"fusion-toggle-heading\">Cancelleria \u2013 Secretaria General<\/span><\/a><\/h4><\/div><div id=\"757a2a51a212c4d96\" class=\"panel-collapse collapse \" aria-labelledby=\"toggle_757a2a51a212c4d96\"><div class=\"panel-body toggle-content fusion-clearfix\">\n<p><strong>Adre\u00e7a<\/strong>: C\/ Seminari, 4 &#8211; 07001 Palma<br \/>\n<strong>Tel\u00e8fon<\/strong>: 971214370<br \/>\n<strong>Correus<\/strong>:<a href=\"mailto:cancelleria@bisbatdemallorca.org\">cancelleria@bisbatdemallorca.org<\/a> |\u00a0<a href=\"mailto:secretariageneral@bisbatdemallorca.org\">secretariageneral@bisbatdemallorca.org<\/a><\/p>\n<ul>\n<li><strong>Cancellera \u2013 Secret\u00e0ria General<\/strong>: Sra. M. Francesca Ferrer Bover<\/li>\n<li><strong>Secretaria<\/strong>: Sra. C. Begonya Saig\u00ed Coll<\/li>\n<li>Sr. Santiago Amer Pol<\/li>\n<li>Sra. Maria dels \u00c0ngels Riera Cort\u00e9s<\/li>\n<li>Sra. Ivonne Callaos Cardama<\/li>\n<\/ul>\n<p><b>Notaria <\/b><\/p>\n<ul>\n<li><b> <\/b>Notari: Sr. V\u00edctor G\u00f3mez Cons<\/li>\n<li>Notari: Sr. Josep Ramis Vellibre<\/li>\n<\/ul>\n<\/div><\/div><\/div><div class=\"fusion-panel panel-default panel-2eeb44d5e01a7ecc9 fusion-toggle-has-divider\" style=\"--awb-content-font-size:14px;--awb-title-font-size:20px;--awb-title-color:#a6384c;--awb-content-color:var(--awb-color8);\"><div class=\"panel-heading\"><h4 class=\"panel-title toggle\" id=\"toggle_2eeb44d5e01a7ecc9\"><a aria-expanded=\"false\" aria-controls=\"2eeb44d5e01a7ecc9\" role=\"button\" data-toggle=\"collapse\" data-parent=\"#accordion-4319-1\" data-target=\"#2eeb44d5e01a7ecc9\" href=\"#2eeb44d5e01a7ecc9\"><span class=\"fusion-toggle-icon-wrapper\" aria-hidden=\"true\"><i class=\"fa-fusion-box active-icon awb-icon-minus\" aria-hidden=\"true\"><\/i><i class=\"fa-fusion-box inactive-icon awb-icon-plus\" aria-hidden=\"true\"><\/i><\/span><span class=\"fusion-toggle-heading\">\u00c0rea d\u2019afers econ\u00f2mics<\/span><\/a><\/h4><\/div><div id=\"2eeb44d5e01a7ecc9\" class=\"panel-collapse collapse \" aria-labelledby=\"toggle_2eeb44d5e01a7ecc9\"><div class=\"panel-body toggle-content fusion-clearfix\">\n<p><strong>Adre\u00e7a<\/strong>: C\/ Seminari, 4 &#8211; 07001 Palma<br \/>\n<strong>Tel\u00e8fon<\/strong>: 971213100<\/p>\n<ul>\n<li>Ec\u00f2nom dioces\u00e0 i Responsable coordinador de l\u2019\u00e0rea d\u2019Afers Econ\u00f2mics: Sr. Miquel Noguera Estarellas<\/li>\n<li>Adjunt Ec\u00f2nom Dioces\u00e0: Sr. Joan Miquel Huertas Fullana<\/li>\n<\/ul>\n<p><b>Departament Administraci\u00f3:<\/b><\/p>\n<ul>\n<li>Cap d\u2019Administraci\u00f3 i Finances: Sr. Guillem Vanrell Massot<\/li>\n<li>Sra. Ana\u00eds Ruiz de la Torre Cladera<\/li>\n<li>Sr. Jordi Marc Gar\u00ed Jaume<\/li>\n<li>Sr. Pau Llull Peric\u00e0s<\/li>\n<\/ul>\n<p><b>Departament d\u2019Obres: <\/b><\/p>\n<ul>\n<li>Sra. Loida Merino Da Costa<\/li>\n<\/ul>\n<p><b>Departament Immobles: <\/b><\/p>\n<ul>\n<li>Sra. Berta Medina Buj<\/li>\n<\/ul>\n<p><b>Departament de Serveis Jur\u00eddics:<\/b><\/p>\n<ul>\n<li>Sr. Joan Vivern Jaume<\/li>\n<li>Sr. V\u00edctor G\u00f3mez Cons<\/li>\n<li>Sra. Ant\u00f2nia Garcia Pocov\u00ed<\/li>\n<\/ul>\n<\/div><\/div><\/div><div class=\"fusion-panel panel-default panel-8da5be75a1aa8184a fusion-toggle-has-divider\" style=\"--awb-content-font-size:14px;--awb-title-font-size:20px;--awb-title-color:#a6384c;--awb-content-color:var(--awb-color8);\"><div class=\"panel-heading\"><h4 class=\"panel-title toggle\" id=\"toggle_8da5be75a1aa8184a\"><a aria-expanded=\"false\" aria-controls=\"8da5be75a1aa8184a\" role=\"button\" data-toggle=\"collapse\" data-parent=\"#accordion-4319-1\" data-target=\"#8da5be75a1aa8184a\" href=\"#8da5be75a1aa8184a\"><span class=\"fusion-toggle-icon-wrapper\" aria-hidden=\"true\"><i class=\"fa-fusion-box active-icon awb-icon-minus\" aria-hidden=\"true\"><\/i><i class=\"fa-fusion-box inactive-icon awb-icon-plus\" aria-hidden=\"true\"><\/i><\/span><span class=\"fusion-toggle-heading\">Tribunal Eclesi\u00e0stic<\/span><\/a><\/h4><\/div><div id=\"8da5be75a1aa8184a\" class=\"panel-collapse collapse \" aria-labelledby=\"toggle_8da5be75a1aa8184a\"><div class=\"panel-body toggle-content fusion-clearfix\">\n<p><strong>Adre\u00e7a<\/strong>: C\/ Seminari, 4 &#8211; 07001 Palma<br \/>\n<strong>Tel\u00e8fon<\/strong>: 971213100<\/p>\n<ul>\n<li>Vicari Judicial: Mn. Nadal Bernat Salas<\/li>\n<li>Jutge dioces\u00e0: Mons. Josep Adrover Vallbona<\/li>\n<li>Jutge dioces\u00e0: Mn. Joan Darder Brotat<\/li>\n<li>Promotor de Just\u00edcia: Mn. Jaume August Estela Cort\u00e9s<\/li>\n<li>Defensor del Vincle: Mn. Jaume August Estela Cort\u00e9s<\/li>\n<li>Defensor del Vincle: Mn. Obinna Nicodemus Okoye<\/li>\n<li>Notari: Sr Josep Ramis Vellibre<\/li>\n<li>Actuari: Mons. Josep Adrover Vallbona<\/li>\n<\/ul>\n<\/div><\/div><\/div><\/div><\/div><\/div><\/div><\/div><\/div>\n","protected":false},"excerpt":{"rendered":"","protected":false},"author":1,"featured_media":0,"parent":0,"menu_order":0,"comment_status":"closed","ping_status":"closed","template":"","meta":{"footnotes":""},"class_list":["post-4319","page","type-page","status-publish","hentry"],"yoast_head":"<!-- This site is optimized with the Yoast SEO plugin v27.0 - https:\/\/yoast.com\/product\/yoast-seo-wordpress\/ -->\n<title>C\u00faria Diocesana<\/title>\n<meta name=\"robots\" content=\"index, follow, max-snippet:-1, max-image-preview:large, max-video-preview:-1\" \/>\n<link rel=\"canonical\" href=\"https:\/\/www.bisbatdemallorca.org\/ca\/curia-diocesana\/\" \/>\n<meta property=\"og:locale\" content=\"ca_ES\" \/>\n<meta property=\"og:locale:alternate\" content=\"en_US\" \/>\n<meta property=\"og:locale:alternate\" content=\"es_ES\" \/>\n<meta property=\"og:type\" content=\"article\" \/>\n<meta property=\"og:title\" content=\"C\u00faria Diocesana\" \/>\n<meta property=\"og:url\" content=\"https:\/\/www.bisbatdemallorca.org\/ca\/curia-diocesana\/\" \/>\n<meta property=\"og:site_name\" content=\"Bisbat de Mallorca\" \/>\n<meta property=\"article:modified_time\" content=\"2026-04-21T10:02:06+00:00\" \/>\n<meta name=\"twitter:card\" content=\"summary_large_image\" \/>\n<meta name=\"twitter:label1\" content=\"Temps estimat de lectura\" \/>\n\t<meta name=\"twitter:data1\" content=\"2 minuts\" \/>\n<script type=\"application\/ld+json\" class=\"yoast-schema-graph\">{\"@context\":\"https:\/\/schema.org\",\"@graph\":[{\"@type\":\"WebPage\",\"@id\":\"https:\/\/www.bisbatdemallorca.org\/ca\/curia-diocesana\/\",\"url\":\"https:\/\/www.bisbatdemallorca.org\/ca\/curia-diocesana\/\",\"name\":\"C\u00faria Diocesana\",\"isPartOf\":{\"@id\":\"https:\/\/www.bisbatdemallorca.org\/ca\/#website\"},\"datePublished\":\"2022-03-07T12:35:05+00:00\",\"dateModified\":\"2026-04-21T10:02:06+00:00\",\"breadcrumb\":{\"@id\":\"https:\/\/www.bisbatdemallorca.org\/ca\/curia-diocesana\/#breadcrumb\"},\"inLanguage\":\"ca\",\"potentialAction\":[{\"@type\":\"ReadAction\",\"target\":[\"https:\/\/www.bisbatdemallorca.org\/ca\/curia-diocesana\/\"]}]},{\"@type\":\"BreadcrumbList\",\"@id\":\"https:\/\/www.bisbatdemallorca.org\/ca\/curia-diocesana\/#breadcrumb\",\"itemListElement\":[{\"@type\":\"ListItem\",\"position\":1,\"name\":\"Portada\",\"item\":\"https:\/\/www.bisbatdemallorca.org\/ca\/\"},{\"@type\":\"ListItem\",\"position\":2,\"name\":\"C\u00faria Diocesana\"}]},{\"@type\":\"WebSite\",\"@id\":\"https:\/\/www.bisbatdemallorca.org\/ca\/#website\",\"url\":\"https:\/\/www.bisbatdemallorca.org\/ca\/\",\"name\":\"Bisbat de Mallorca\",\"description\":\"Just another WordPress site\",\"publisher\":{\"@id\":\"https:\/\/www.bisbatdemallorca.org\/ca\/#organization\"},\"potentialAction\":[{\"@type\":\"SearchAction\",\"target\":{\"@type\":\"EntryPoint\",\"urlTemplate\":\"https:\/\/www.bisbatdemallorca.org\/ca\/?s={search_term_string}\"},\"query-input\":{\"@type\":\"PropertyValueSpecification\",\"valueRequired\":true,\"valueName\":\"search_term_string\"}}],\"inLanguage\":\"ca\"},{\"@type\":\"Organization\",\"@id\":\"https:\/\/www.bisbatdemallorca.org\/ca\/#organization\",\"name\":\"Bisbat De Mallorca\",\"url\":\"https:\/\/www.bisbatdemallorca.org\/ca\/\",\"logo\":{\"@type\":\"ImageObject\",\"inLanguage\":\"ca\",\"@id\":\"https:\/\/www.bisbatdemallorca.org\/ca\/#\/schema\/logo\/image\/\",\"url\":\"https:\/\/bisbatdemallorca.org\/wp-content\/uploads\/2022\/04\/Logo_Bisbat-de-Mallorca-scaled.jpeg\",\"contentUrl\":\"https:\/\/bisbatdemallorca.org\/wp-content\/uploads\/2022\/04\/Logo_Bisbat-de-Mallorca-scaled.jpeg\",\"width\":2560,\"height\":1810,\"caption\":\"Bisbat De Mallorca\"},\"image\":{\"@id\":\"https:\/\/www.bisbatdemallorca.org\/ca\/#\/schema\/logo\/image\/\"}}]}<\/script>\n<!-- \/ Yoast SEO plugin. -->","yoast_head_json":{"title":"C\u00faria Diocesana","robots":{"index":"index","follow":"follow","max-snippet":"max-snippet:-1","max-image-preview":"max-image-preview:large","max-video-preview":"max-video-preview:-1"},"canonical":"https:\/\/www.bisbatdemallorca.org\/ca\/curia-diocesana\/","og_locale":"ca_ES","og_type":"article","og_title":"[:ca]C\u00faria Diocesana[:es]C\u00faria Diocesana[:] - Bisbat de Mallorca","og_url":"https:\/\/www.bisbatdemallorca.org\/ca\/curia-diocesana\/","og_site_name":"Bisbat de Mallorca","article_modified_time":"2026-04-21T10:02:06+00:00","twitter_card":"summary_large_image","twitter_misc":{"Temps estimat de lectura":"2 minuts"},"schema":{"@context":"https:\/\/schema.org","@graph":[{"@type":"WebPage","@id":"https:\/\/www.bisbatdemallorca.org\/ca\/curia-diocesana\/","url":"https:\/\/www.bisbatdemallorca.org\/ca\/curia-diocesana\/","name":"C\u00faria Diocesana","isPartOf":{"@id":"https:\/\/www.bisbatdemallorca.org\/ca\/#website"},"datePublished":"2022-03-07T12:35:05+00:00","dateModified":"2026-04-21T10:02:06+00:00","breadcrumb":{"@id":"https:\/\/www.bisbatdemallorca.org\/ca\/curia-diocesana\/#breadcrumb"},"inLanguage":"ca","potentialAction":[{"@type":"ReadAction","target":["https:\/\/www.bisbatdemallorca.org\/ca\/curia-diocesana\/"]}]},{"@type":"BreadcrumbList","@id":"https:\/\/www.bisbatdemallorca.org\/ca\/curia-diocesana\/#breadcrumb","itemListElement":[{"@type":"ListItem","position":1,"name":"Portada","item":"https:\/\/www.bisbatdemallorca.org\/ca\/"},{"@type":"ListItem","position":2,"name":"C\u00faria Diocesana"}]},{"@type":"WebSite","@id":"https:\/\/www.bisbatdemallorca.org\/ca\/#website","url":"https:\/\/www.bisbatdemallorca.org\/ca\/","name":"Bisbat de Mallorca","description":"Just another WordPress site","publisher":{"@id":"https:\/\/www.bisbatdemallorca.org\/ca\/#organization"},"potentialAction":[{"@type":"SearchAction","target":{"@type":"EntryPoint","urlTemplate":"https:\/\/www.bisbatdemallorca.org\/ca\/?s={search_term_string}"},"query-input":{"@type":"PropertyValueSpecification","valueRequired":true,"valueName":"search_term_string"}}],"inLanguage":"ca"},{"@type":"Organization","@id":"https:\/\/www.bisbatdemallorca.org\/ca\/#organization","name":"Bisbat De Mallorca","url":"https:\/\/www.bisbatdemallorca.org\/ca\/","logo":{"@type":"ImageObject","inLanguage":"ca","@id":"https:\/\/www.bisbatdemallorca.org\/ca\/#\/schema\/logo\/image\/","url":"https:\/\/bisbatdemallorca.org\/wp-content\/uploads\/2022\/04\/Logo_Bisbat-de-Mallorca-scaled.jpeg","contentUrl":"https:\/\/bisbatdemallorca.org\/wp-content\/uploads\/2022\/04\/Logo_Bisbat-de-Mallorca-scaled.jpeg","width":2560,"height":1810,"caption":"Bisbat De Mallorca"},"image":{"@id":"https:\/\/www.bisbatdemallorca.org\/ca\/#\/schema\/logo\/image\/"}}]}},"_links":{"self":[{"href":"https:\/\/www.bisbatdemallorca.org\/ca\/wp-json\/wp\/v2\/pages\/4319","targetHints":{"allow":["GET"]}}],"collection":[{"href":"https:\/\/www.bisbatdemallorca.org\/ca\/wp-json\/wp\/v2\/pages"}],"about":[{"href":"https:\/\/www.bisbatdemallorca.org\/ca\/wp-json\/wp\/v2\/types\/page"}],"author":[{"embeddable":true,"href":"https:\/\/www.bisbatdemallorca.org\/ca\/wp-json\/wp\/v2\/users\/1"}],"replies":[{"embeddable":true,"href":"https:\/\/www.bisbatdemallorca.org\/ca\/wp-json\/wp\/v2\/comments?post=4319"}],"version-history":[{"count":0,"href":"https:\/\/www.bisbatdemallorca.org\/ca\/wp-json\/wp\/v2\/pages\/4319\/revisions"}],"wp:attachment":[{"href":"https:\/\/www.bisbatdemallorca.org\/ca\/wp-json\/wp\/v2\/media?parent=4319"}],"curies":[{"name":"wp","href":"https:\/\/api.w.org\/{rel}","templated":true}]}}