{"id":1945,"date":"2022-02-09T10:59:34","date_gmt":"2022-02-09T10:59:34","guid":{"rendered":"http:\/\/bisbatdemallorca.aplicacionesinteligentes.es\/?page_id=1945"},"modified":"2022-02-15T16:34:09","modified_gmt":"2022-02-15T16:34:09","slug":"bisbes-de-mallorca","status":"publish","type":"page","link":"https:\/\/www.bisbatdemallorca.org\/en\/la-diocesi-de-mallorca\/bisbes-de-mallorca\/","title":{"rendered":"Bisbes de Mallorca"},"content":{"rendered":"<div class=\"bisbat-headers\">\n<h4>BISBES DE MALLORCA<\/h4>\n<\/div>\n<p style=\"font-weight: 400;\">\n<p style=\"font-weight: 400;\">\n<p style=\"font-weight: 400;\">\n<p style=\"font-weight: 400;\">\n<ol>\n<li style=\"font-weight: 400;\">Ramon de Torrella (1238-1266)<\/li>\n<li style=\"font-weight: 400;\">Pere de Morella (1266-1282)<\/li>\n<li style=\"font-weight: 400;\">Pon\u00e7 de Jard\u00ed (1283-1303)<\/li>\n<li style=\"font-weight: 400;\">Guillem de Vilanova (1304-1318)<\/li>\n<li style=\"font-weight: 400;\">Ramon de Cortsav\u00ed (1318-1321)<\/li>\n<li style=\"font-weight: 400;\">Guido de Terrena (1321-1332)<\/li>\n<li style=\"font-weight: 400;\">Berenguer Batle (1332-1349)<\/li>\n<li style=\"font-weight: 400;\">Antoni de Collell (1349-1363)<\/li>\n<li style=\"font-weight: 400;\">Antoni de Galiana (1363-1375)<\/li>\n<li style=\"font-weight: 400;\">Pere Cima (1377-1390)<\/li>\n<li style=\"font-weight: 400;\">Llu\u00eds de Prades(1390-1403)<\/li>\n<li style=\"font-weight: 400;\">Francesc Climent Sapera(1403 electe)<\/li>\n<li style=\"font-weight: 400;\">Llu\u00eds de Prades\u00a0(1407-1429)<\/li>\n<li style=\"font-weight: 400;\">Gil S\u00e1nchez Mu\u00f1oz(1429-1446)<\/li>\n<li style=\"font-weight: 400;\">Joan Garc\u00eda (1447-1450)<\/li>\n<li style=\"font-weight: 400;\">Arnau de Mar\u00ed i de Santac\u00edlia (1460-1464)<\/li>\n<li style=\"font-weight: 400;\">Pere de Sant\u00e0ngel (1465-1466)<\/li>\n<li style=\"font-weight: 400;\">Francesc Ferrer (1467-1475)<\/li>\n<li style=\"font-weight: 400;\">Diego de Avellaneda (1475-1488)<\/li>\n<li style=\"font-weight: 400;\">Roderic de Borja(1489-1492)<\/li>\n<li style=\"font-weight: 400;\">Joan Baptista de Salelles (1492-1493)<\/li>\n<li style=\"font-weight: 400;\">Guillem Ramon de Montcada (1493-1504)<\/li>\n<li style=\"font-weight: 400;\">Antonio de Rojas (1496-1507)<\/li>\n<li style=\"font-weight: 400;\">Diego de Ribera y de Toledo (1507-1511)<\/li>\n<li style=\"font-weight: 400;\">Rodrigo S\u00e1nchez de Mercado (1511-1530)<\/li>\n<li style=\"font-weight: 400;\">Agostino de Grimaldis (1530-1532)<\/li>\n<li style=\"font-weight: 400;\">Gianbattista Campeggio (1532-1558)<\/li>\n<li style=\"font-weight: 400;\">Diego de Arnedo (1561-1572)<\/li>\n<li style=\"font-weight: 400;\">Joan Vic i Manrique(1573-1604)<\/li>\n<li style=\"font-weight: 400;\">Alfonso Lasso y Sede\u00f1o (1604-1607)<\/li>\n<li style=\"font-weight: 400;\">Sim\u00f3 Bau\u00e7\u00e0 (1608-1623)<\/li>\n<li style=\"font-weight: 400;\">Felip de Guzm\u00e1n (1625 electe)<\/li>\n<li style=\"font-weight: 400;\">Baltasar de Borja i de Velasco (1625-1630)<\/li>\n<li style=\"font-weight: 400;\">Juan de Santander (1631-1644)<\/li>\n<li style=\"font-weight: 400;\">Tom\u00e0s de Rocamora (1644-1653)<\/li>\n<li style=\"font-weight: 400;\">Miguel P\u00e9rez de Nueros (1655-1656)<\/li>\n<li style=\"font-weight: 400;\">Diego Escolano y Ledesma(1656-1660)<\/li>\n<li style=\"font-weight: 400;\">Pere Ferran Manjarr\u00e9s de Heredia (1660-1670)<\/li>\n<li style=\"font-weight: 400;\">Bernat Cotoner (1671-1684)<\/li>\n<li style=\"font-weight: 400;\">Pere d&#8217;Alag\u00f3 i de Cardona (1684-1701)<\/li>\n<li style=\"font-weight: 400;\">Francisco Antonio de la Portilla (1702-1711)<\/li>\n<li style=\"font-weight: 400;\">Atanasio de Esteparripa y Tranajaurregui (1712-1721)<\/li>\n<li style=\"font-weight: 400;\">Juan Fern\u00e1ndez Zapata (1722-1729)<\/li>\n<li style=\"font-weight: 400;\">Benito Panyelles y Escard\u00f3 (1730-1743)<\/li>\n<li style=\"font-weight: 400;\">Jos\u00e9 de Cepeda y Castro (1744-1750)<\/li>\n<li style=\"font-weight: 400;\">Lloren\u00e7 Despuig i Cotoner (1750-1763)<\/li>\n<li style=\"font-weight: 400;\">Francisco Garrido de la Vega (1763-1772)<\/li>\n<li style=\"font-weight: 400;\">Juan D\u00edaz de la Guerra (1772-1777)<\/li>\n<li style=\"font-weight: 400;\">Pedro Rubio-Benedicto y Herrero (1778-1794)<\/li>\n<li style=\"font-weight: 400;\">Bernat Nadal i Cresp\u00ed(1794-1818)<\/li>\n<li style=\"font-weight: 400;\">Pedro Gonz\u00e1lez Vallejo(1819-1824)<\/li>\n<li style=\"font-weight: 400;\">Antonio P\u00e9rez de Hirias(1825-1842)<\/li>\n<li style=\"font-weight: 400;\">Rafael Manso(1847-1851)<\/li>\n<li style=\"font-weight: 400;\">Miquel Salv\u00e0 i Munar(1851-1873)<\/li>\n<li style=\"font-weight: 400;\">Mateu Jaume i Garau (1875-1886)<\/li>\n<li style=\"font-weight: 400;\">Jacint Cervera i Cervera (1886-1897)<\/li>\n<li style=\"font-weight: 400;\">Pere Joan Campins Barcel\u00f3 (1898-1915)<\/li>\n<li style=\"font-weight: 400;\">Rigobert Dom\u00e8nec Valls (1916-1924)<\/li>\n<li style=\"font-weight: 400;\">Gabriel Llompart i Jaume (1925-1928)<\/li>\n<li style=\"font-weight: 400;\">Josep Miralles i Sbert (1930-1947)<\/li>\n<li style=\"font-weight: 400;\">Juan Herv\u00e0s i Benet (1946-1955)<\/li>\n<li style=\"font-weight: 400;\">Jes\u00fas Enciso Viana (1955-1964)<\/li>\n<li style=\"font-weight: 400;\">Rafael \u00c1lvarez Lara (1965-1972)<\/li>\n<li style=\"font-weight: 400;\">Teodor \u00dabeda Gramage (1972-2003)<\/li>\n<li style=\"font-weight: 400;\">Jes\u00fas Murgui Soriano (2003-2012)<\/li>\n<li style=\"font-weight: 400;\">Javier Salinas Vi\u00f1als (2012-2016)<\/li>\n<li style=\"font-weight: 400;\">Sebasti\u00e0 Taltavull Anglada (2016-)<\/li>\n<\/ol>\n","protected":false},"excerpt":{"rendered":"<p>BISBES DE MALLORCA Ramon de Torrella (1238-1266) Pere de Morella  [&#8230;]<\/p>\n","protected":false},"author":1,"featured_media":0,"parent":1947,"menu_order":0,"comment_status":"closed","ping_status":"closed","template":"","meta":{"footnotes":""},"class_list":["post-1945","page","type-page","status-publish","hentry"],"yoast_head":"<!-- This site is optimized with the Yoast SEO plugin v27.0 - https:\/\/yoast.com\/product\/yoast-seo-wordpress\/ -->\n<title>Bisbes de Mallorca<\/title>\n<meta name=\"robots\" content=\"index, follow, max-snippet:-1, max-image-preview:large, max-video-preview:-1\" \/>\n<link rel=\"canonical\" href=\"https:\/\/www.bisbatdemallorca.org\/en\/la-diocesi-de-mallorca\/bisbes-de-mallorca\/\" \/>\n<meta property=\"og:locale\" content=\"en_US\" \/>\n<meta property=\"og:locale:alternate\" content=\"ca\" \/>\n<meta property=\"og:locale:alternate\" content=\"es_ES\" \/>\n<meta property=\"og:type\" content=\"article\" \/>\n<meta property=\"og:title\" content=\"Bisbes de Mallorca\" \/>\n<meta property=\"og:description\" content=\"BISBES DE MALLORCA Ramon de Torrella (1238-1266) Pere de Morella [...]\" \/>\n<meta property=\"og:url\" content=\"https:\/\/www.bisbatdemallorca.org\/en\/la-diocesi-de-mallorca\/bisbes-de-mallorca\/\" \/>\n<meta property=\"og:site_name\" content=\"Bisbat de Mallorca\" \/>\n<meta property=\"article:modified_time\" content=\"2022-02-15T16:34:09+00:00\" \/>\n<meta name=\"twitter:card\" content=\"summary_large_image\" \/>\n<meta name=\"twitter:label1\" content=\"Est. reading time\" \/>\n\t<meta name=\"twitter:data1\" content=\"2 minutes\" \/>\n<script type=\"application\/ld+json\" class=\"yoast-schema-graph\">{\"@context\":\"https:\/\/schema.org\",\"@graph\":[{\"@type\":\"WebPage\",\"@id\":\"https:\/\/www.bisbatdemallorca.org\/la-diocesi-de-mallorca\/bisbes-de-mallorca\/\",\"url\":\"https:\/\/www.bisbatdemallorca.org\/la-diocesi-de-mallorca\/bisbes-de-mallorca\/\",\"name\":\"Bisbes de Mallorca\",\"isPartOf\":{\"@id\":\"https:\/\/www.bisbatdemallorca.org\/ca\/#website\"},\"datePublished\":\"2022-02-09T10:59:34+00:00\",\"dateModified\":\"2022-02-15T16:34:09+00:00\",\"breadcrumb\":{\"@id\":\"https:\/\/www.bisbatdemallorca.org\/la-diocesi-de-mallorca\/bisbes-de-mallorca\/#breadcrumb\"},\"inLanguage\":\"en-US\",\"potentialAction\":[{\"@type\":\"ReadAction\",\"target\":[\"https:\/\/www.bisbatdemallorca.org\/la-diocesi-de-mallorca\/bisbes-de-mallorca\/\"]}]},{\"@type\":\"BreadcrumbList\",\"@id\":\"https:\/\/www.bisbatdemallorca.org\/la-diocesi-de-mallorca\/bisbes-de-mallorca\/#breadcrumb\",\"itemListElement\":[{\"@type\":\"ListItem\",\"position\":1,\"name\":\"Portada\",\"item\":\"https:\/\/www.bisbatdemallorca.org\/ca\/\"},{\"@type\":\"ListItem\",\"position\":2,\"name\":\"La di\u00f2cesi de Mallorca\",\"item\":\"https:\/\/www.bisbatdemallorca.org\/la-diocesi-de-mallorca\/\"},{\"@type\":\"ListItem\",\"position\":3,\"name\":\"Bisbes de Mallorca\"}]},{\"@type\":\"WebSite\",\"@id\":\"https:\/\/www.bisbatdemallorca.org\/ca\/#website\",\"url\":\"https:\/\/www.bisbatdemallorca.org\/ca\/\",\"name\":\"Bisbat de Mallorca\",\"description\":\"Just another WordPress site\",\"publisher\":{\"@id\":\"https:\/\/www.bisbatdemallorca.org\/ca\/#organization\"},\"potentialAction\":[{\"@type\":\"SearchAction\",\"target\":{\"@type\":\"EntryPoint\",\"urlTemplate\":\"https:\/\/www.bisbatdemallorca.org\/ca\/?s={search_term_string}\"},\"query-input\":{\"@type\":\"PropertyValueSpecification\",\"valueRequired\":true,\"valueName\":\"search_term_string\"}}],\"inLanguage\":\"en-US\"},{\"@type\":\"Organization\",\"@id\":\"https:\/\/www.bisbatdemallorca.org\/ca\/#organization\",\"name\":\"Bisbat De Mallorca\",\"url\":\"https:\/\/www.bisbatdemallorca.org\/ca\/\",\"logo\":{\"@type\":\"ImageObject\",\"inLanguage\":\"en-US\",\"@id\":\"https:\/\/www.bisbatdemallorca.org\/ca\/#\/schema\/logo\/image\/\",\"url\":\"https:\/\/bisbatdemallorca.org\/wp-content\/uploads\/2022\/04\/Logo_Bisbat-de-Mallorca-scaled.jpeg\",\"contentUrl\":\"https:\/\/bisbatdemallorca.org\/wp-content\/uploads\/2022\/04\/Logo_Bisbat-de-Mallorca-scaled.jpeg\",\"width\":2560,\"height\":1810,\"caption\":\"Bisbat De Mallorca\"},\"image\":{\"@id\":\"https:\/\/www.bisbatdemallorca.org\/ca\/#\/schema\/logo\/image\/\"}}]}<\/script>\n<!-- \/ Yoast SEO plugin. -->","yoast_head_json":{"title":"Bisbes de Mallorca","robots":{"index":"index","follow":"follow","max-snippet":"max-snippet:-1","max-image-preview":"max-image-preview:large","max-video-preview":"max-video-preview:-1"},"canonical":"https:\/\/www.bisbatdemallorca.org\/en\/la-diocesi-de-mallorca\/bisbes-de-mallorca\/","og_locale":"en_US","og_type":"article","og_title":"[:es]Bisbes de Mallorca[:cat]Bisbes de Mallorca[:] - Bisbat de Mallorca","og_description":"BISBES DE MALLORCA Ramon de Torrella (1238-1266) Pere de Morella [...]","og_url":"https:\/\/www.bisbatdemallorca.org\/en\/la-diocesi-de-mallorca\/bisbes-de-mallorca\/","og_site_name":"Bisbat de Mallorca","article_modified_time":"2022-02-15T16:34:09+00:00","twitter_card":"summary_large_image","twitter_misc":{"Est. reading time":"2 minutes"},"schema":{"@context":"https:\/\/schema.org","@graph":[{"@type":"WebPage","@id":"https:\/\/www.bisbatdemallorca.org\/la-diocesi-de-mallorca\/bisbes-de-mallorca\/","url":"https:\/\/www.bisbatdemallorca.org\/la-diocesi-de-mallorca\/bisbes-de-mallorca\/","name":"Bisbes de Mallorca","isPartOf":{"@id":"https:\/\/www.bisbatdemallorca.org\/ca\/#website"},"datePublished":"2022-02-09T10:59:34+00:00","dateModified":"2022-02-15T16:34:09+00:00","breadcrumb":{"@id":"https:\/\/www.bisbatdemallorca.org\/la-diocesi-de-mallorca\/bisbes-de-mallorca\/#breadcrumb"},"inLanguage":"en-US","potentialAction":[{"@type":"ReadAction","target":["https:\/\/www.bisbatdemallorca.org\/la-diocesi-de-mallorca\/bisbes-de-mallorca\/"]}]},{"@type":"BreadcrumbList","@id":"https:\/\/www.bisbatdemallorca.org\/la-diocesi-de-mallorca\/bisbes-de-mallorca\/#breadcrumb","itemListElement":[{"@type":"ListItem","position":1,"name":"Portada","item":"https:\/\/www.bisbatdemallorca.org\/ca\/"},{"@type":"ListItem","position":2,"name":"La di\u00f2cesi de Mallorca","item":"https:\/\/www.bisbatdemallorca.org\/la-diocesi-de-mallorca\/"},{"@type":"ListItem","position":3,"name":"Bisbes de Mallorca"}]},{"@type":"WebSite","@id":"https:\/\/www.bisbatdemallorca.org\/ca\/#website","url":"https:\/\/www.bisbatdemallorca.org\/ca\/","name":"Bisbat de Mallorca","description":"Just another WordPress site","publisher":{"@id":"https:\/\/www.bisbatdemallorca.org\/ca\/#organization"},"potentialAction":[{"@type":"SearchAction","target":{"@type":"EntryPoint","urlTemplate":"https:\/\/www.bisbatdemallorca.org\/ca\/?s={search_term_string}"},"query-input":{"@type":"PropertyValueSpecification","valueRequired":true,"valueName":"search_term_string"}}],"inLanguage":"en-US"},{"@type":"Organization","@id":"https:\/\/www.bisbatdemallorca.org\/ca\/#organization","name":"Bisbat De Mallorca","url":"https:\/\/www.bisbatdemallorca.org\/ca\/","logo":{"@type":"ImageObject","inLanguage":"en-US","@id":"https:\/\/www.bisbatdemallorca.org\/ca\/#\/schema\/logo\/image\/","url":"https:\/\/bisbatdemallorca.org\/wp-content\/uploads\/2022\/04\/Logo_Bisbat-de-Mallorca-scaled.jpeg","contentUrl":"https:\/\/bisbatdemallorca.org\/wp-content\/uploads\/2022\/04\/Logo_Bisbat-de-Mallorca-scaled.jpeg","width":2560,"height":1810,"caption":"Bisbat De Mallorca"},"image":{"@id":"https:\/\/www.bisbatdemallorca.org\/ca\/#\/schema\/logo\/image\/"}}]}},"_links":{"self":[{"href":"https:\/\/www.bisbatdemallorca.org\/en\/wp-json\/wp\/v2\/pages\/1945","targetHints":{"allow":["GET"]}}],"collection":[{"href":"https:\/\/www.bisbatdemallorca.org\/en\/wp-json\/wp\/v2\/pages"}],"about":[{"href":"https:\/\/www.bisbatdemallorca.org\/en\/wp-json\/wp\/v2\/types\/page"}],"author":[{"embeddable":true,"href":"https:\/\/www.bisbatdemallorca.org\/en\/wp-json\/wp\/v2\/users\/1"}],"replies":[{"embeddable":true,"href":"https:\/\/www.bisbatdemallorca.org\/en\/wp-json\/wp\/v2\/comments?post=1945"}],"version-history":[{"count":0,"href":"https:\/\/www.bisbatdemallorca.org\/en\/wp-json\/wp\/v2\/pages\/1945\/revisions"}],"up":[{"embeddable":true,"href":"https:\/\/www.bisbatdemallorca.org\/en\/wp-json\/wp\/v2\/pages\/1947"}],"wp:attachment":[{"href":"https:\/\/www.bisbatdemallorca.org\/en\/wp-json\/wp\/v2\/media?parent=1945"}],"curies":[{"name":"wp","href":"https:\/\/api.w.org\/{rel}","templated":true}]}}